{"id":665,"date":"2024-10-27T11:29:06","date_gmt":"2024-10-27T10:29:06","guid":{"rendered":"https:\/\/alwakf.dk\/index.php\/sojler\/"},"modified":"2024-10-27T11:29:07","modified_gmt":"2024-10-27T10:29:07","slug":"sojler","status":"publish","type":"page","link":"https:\/\/alwakf.dk\/index.php\/sojler\/","title":{"rendered":"sojler"},"content":{"rendered":"\n  \n    <section class=\"u-align-center u-clearfix u-container-align-center u-grey-5 u-section-1\" src=\"\" id=\"carousel_f8df\">\n      <div class=\"custom-expanded u-container-style u-expanded-width-lg u-group u-image u-shading u-image-1\" data-image-width=\"1980\" data-image-height=\"1485\" data-animation-name=\"flipIn\" data-animation-duration=\"1500\" data-animation-delay=\"0\" data-animation-direction=\"X\" style=\"background-image: linear-gradient(0deg, rgba(0, 0, 0, 0.3), rgba(0, 0, 0, 0.3)), url(&quot;https:\/\/alwakf.dk\/wp-content\/uploads\/2024\/10\/kaaba-in-macca1.jpg&quot;);\">\n        <div class=\"u-container-layout u-container-layout-1\">\n          <h1 class=\"u-align-center u-text u-text-body-alt-color u-text-default u-text-1\"> De 5 s\u00f8jler Det grundl\u00e6ggende<br>i en muslims liv\n          <\/h1>\n        <\/div>\n      <\/div>\n      <div class=\"data-layout-selected u-clearfix u-gutter-30 u-layout-wrap u-layout-wrap-1\">\n        <div class=\"u-gutter-0 u-layout\">\n          <div class=\"u-layout-row\">\n            <div class=\"u-align-center u-container-align-center u-container-style u-layout-cell u-radius u-size-12 u-white u-layout-cell-1\">\n              <div class=\"u-container-layout u-valign-top u-container-layout-2\"><span class=\"u-align-center u-custom-color-1 u-file-icon u-icon u-icon-circle u-icon-1\" data-animation-name=\"\" data-animation-duration=\"0\" data-animation-delay=\"0\" data-animation-direction=\"\"><img decoding=\"async\" src=\"https:\/\/alwakf.dk\/wp-content\/uploads\/2024\/10\/3ecb6b8b.png\" alt=\"\"><\/span>\n                <h4 class=\"u-align-center u-text u-text-2\"> Trosbekendelsen<\/h4>\n                <p class=\"u-align-center u-text u-text-3\"> Trosbekendelsen er vidnesbyrdet  om, at der ingen anden Gud er end Allah, og at Muhammed er Hans sidste sendebud....<\/p>\n                <a href=\"https:\/\/alwakf.dk\/index.php\/sojler\/#carousel_6e10\" class=\"u-active-none u-align-center u-border-1 u-border-active-grey-60 u-border-black u-border-hover-grey-60 u-border-no-left u-border-no-right u-border-no-top u-btn u-button-style u-hover-none u-none u-text-body-color u-btn-1\">MERE <\/a>\n              <\/div>\n            <\/div>\n            <div class=\"cell-temp-clone u-align-center u-container-align-center u-container-style u-layout-cell u-radius u-size-12 u-white u-layout-cell-2\">\n              <div class=\"u-container-layout u-valign-top u-container-layout-3\"><span class=\"u-align-center u-file-icon u-icon u-icon-circle u-palette-3-light-1 u-icon-2\" data-animation-name=\"\" data-animation-duration=\"0\" data-animation-delay=\"0\" data-animation-direction=\"\"><img decoding=\"async\" src=\"https:\/\/alwakf.dk\/wp-content\/uploads\/2024\/10\/0ef2a23b.png\" alt=\"\"><\/span>\n                <h4 class=\"u-align-center u-text u-text-4\"> De 5 daglige b\u00f8nner<\/h4>\n                <p class=\"u-align-center u-text u-text-5\"> De 5 daglige b\u00f8nner er den anden s\u00f8jle i Islam.&nbsp;B\u00f8nnen danner en personlig og spirituel forbindelse...<\/p>\n                <a href=\"https:\/\/alwakf.dk\/index.php\/sojler\/#carousel_6770\" class=\"u-active-none u-align-center u-border-1 u-border-active-grey-60 u-border-black u-border-hover-grey-60 u-border-no-left u-border-no-right u-border-no-top u-btn u-button-style u-hover-none u-none u-text-body-color u-btn-2\">MERE <\/a>\n              <\/div>\n            <\/div>\n            <div class=\"cell-temp-clone u-align-center u-container-align-center u-container-style u-layout-cell u-radius u-size-12 u-white u-layout-cell-3\">\n              <div class=\"u-container-layout u-valign-top u-container-layout-4\"><span class=\"u-align-center u-file-icon u-icon u-icon-circle u-palette-2-base u-icon-3\" data-animation-name=\"\" data-animation-duration=\"0\" data-animation-delay=\"0\" data-animation-direction=\"\"><img decoding=\"async\" src=\"https:\/\/alwakf.dk\/wp-content\/uploads\/2024\/10\/3ecb6b8b.png\" alt=\"\"><\/span>\n                <h4 class=\"u-align-center u-text u-text-6\"> De \u00e5rligealmisse<\/h4>\n                <p class=\"u-align-center u-text u-text-7\"> Den \u00e5rlige almisse er en pligt for enhver muslim, der im\u00f8dekommer visse kriterier (f.eks. at man besidder v\u00e6rdier af...<\/p>\n                <a href=\"https:\/\/alwakf.dk\/index.php\/sojler\/#carousel_fba9\" class=\"u-active-none u-align-center u-border-1 u-border-active-grey-60 u-border-black u-border-hover-grey-60 u-border-no-left u-border-no-right u-border-no-top u-btn u-button-style u-hover-none u-none u-text-body-color u-btn-3\">MERE <\/a>\n              <\/div>\n            <\/div>\n            <div class=\"cell-temp-clone u-align-center u-container-align-center u-container-style u-layout-cell u-radius u-size-12 u-white u-layout-cell-4\">\n              <div class=\"u-container-layout u-valign-top u-container-layout-5\"><span class=\"u-align-center u-file-icon u-icon u-icon-circle u-palette-2-light-2 u-icon-4\" data-animation-name=\"\" data-animation-duration=\"0\" data-animation-delay=\"0\" data-animation-direction=\"\"><img decoding=\"async\" src=\"https:\/\/alwakf.dk\/wp-content\/uploads\/2024\/10\/0ef2a23b.png\" alt=\"\"><\/span>\n                <h4 class=\"u-align-center u-text u-text-8\"> Den \u00e5rlige faste<\/h4>\n                <p class=\"u-align-center u-text u-text-9\"> Hvert \u00e5r under ramadanm\u00e5neden faster muslimer fra daggry til solnedgang hvor de afholder sig fra mad og drikke...<\/p>\n                <a href=\"https:\/\/alwakf.dk\/index.php\/sojler\/#carousel_a985\" class=\"u-active-none u-align-center u-border-1 u-border-active-grey-60 u-border-black u-border-hover-grey-60 u-border-no-left u-border-no-right u-border-no-top u-btn u-button-style u-hover-none u-none u-text-body-color u-btn-4\">MERE <\/a>\n              <\/div>\n            <\/div>\n            <div class=\"cell-temp-clone u-align-center u-container-align-center u-container-style u-layout-cell u-radius u-size-12 u-white u-layout-cell-5\">\n              <div class=\"u-container-layout u-valign-top u-container-layout-6\"><span class=\"u-align-center u-file-icon u-icon u-icon-circle u-palette-4-light-1 u-icon-5\" data-animation-name=\"\" data-animation-duration=\"0\" data-animation-delay=\"0\" data-animation-direction=\"\"><img decoding=\"async\" src=\"https:\/\/alwakf.dk\/wp-content\/uploads\/2024\/10\/0ef2a23b.png\" alt=\"\"><\/span>\n                <h4 class=\"u-align-center u-text u-text-10\"> Pilgrimsrejsen<\/h4>\n                <p class=\"u-align-center u-text u-text-11\"> Pilgrimsrejsen til de hellige byer i Saudi Arabien skal udf\u00f8res mindst en gang i en muslims liv, hvis det er fysisk og \u00f8konomisk...<\/p>\n                <a href=\"https:\/\/alwakf.dk\/index.php\/sojler\/#carousel_43a7\" class=\"u-active-none u-align-center u-border-1 u-border-active-grey-60 u-border-black u-border-hover-grey-60 u-border-no-left u-border-no-right u-border-no-top u-btn u-button-style u-hover-none u-none u-text-body-color u-btn-5\">MERE <\/a>\n              <\/div>\n            <\/div>\n          <\/div>\n        <\/div>\n      <\/div>\n    <\/section>\n    <section class=\"u-clearfix u-section-2\" id=\"carousel_6e10\">\n      <div class=\"u-clearfix u-sheet u-sheet-1\">\n        <div class=\"u-shape u-shape-svg u-text-custom-color-1 u-shape-1\" data-animation-name=\"customAnimationIn\" data-animation-duration=\"2000\">\n          <svg class=\"u-svg-link\" preserveAspectRatio=\"none\" viewBox=\"0 0 160 130\" style=\"\"><use xlink:href=\"#svg-a952\"><\/use><\/svg>\n          <svg class=\"u-svg-content\" viewBox=\"0 0 160 130\" x=\"0px\" y=\"0px\" id=\"svg-a952\" style=\"enable-background:new 0 0 160 130;\"><path d=\"M141.6,99.5c0.3-0.5,0.6-0.9,0.9-1.4c11.8-19.2,26.1-51.9,10.8-73.1C137.2,2.7,104.7-1.6,80.9,0.5\n\tC57.8,2.6,35.2,12.2,16.8,28.2C4,39.3-10.7,68.6,11.4,78.1c13.6,5.8,26.8,13,38.5,22.7c12,10,20.6,22.9,35.7,27.5\n\tC108.6,135.2,128.6,119.9,141.6,99.5L141.6,99.5z\"><\/path><\/svg>\n        <\/div>\n        <h1 class=\"u-text u-text-default u-text-1\"> Trosbekendelsen<\/h1>\n        <div class=\"u-expanded-width u-list u-list-1\">\n          <div class=\"u-repeater u-repeater-1\">\n            <div class=\"u-container-style u-list-item u-repeater-item\">\n              <div class=\"u-container-layout u-similar-container u-container-layout-1\">\n                <p class=\"u-text u-text-default u-text-grey-50 u-text-2\"> 1. Trosbekendelsen <br>Trosbekendelsen er vidnesbyrdet  om, at der ingen anden Gud er end Allah, og at Muhammed er Hans sidste sendebud. Det er et krav, at det bliver bevidnet med en oprigtig og fast overbevisning fra hjertet efterfulgt af udtalelsen. Med denne erkl\u00e6ring afviser en person alle falske guder, bekr\u00e6fter at Allah er den eneste Gud, og accepterer Hans profet for derefter at v\u00e6re muslim. \n                <\/p>\n              <\/div>\n            <\/div>\n          <\/div>\n        <\/div>\n      <\/div>\n    <\/section>\n    <section class=\"u-clearfix u-section-3\" id=\"carousel_6770\">\n      <div class=\"u-clearfix u-sheet u-sheet-1\">\n        <div class=\"u-shape u-shape-svg u-text-palette-3-base u-shape-1\" data-animation-name=\"customAnimationIn\" data-animation-duration=\"2000\">\n          <svg class=\"u-svg-link\" preserveAspectRatio=\"none\" viewBox=\"0 0 160 130\" style=\"\"><use xlink:href=\"#svg-a952\"><\/use><\/svg>\n          <svg class=\"u-svg-content\" viewBox=\"0 0 160 130\" x=\"0px\" y=\"0px\" id=\"svg-a952\" style=\"enable-background:new 0 0 160 130;\"><path d=\"M141.6,99.5c0.3-0.5,0.6-0.9,0.9-1.4c11.8-19.2,26.1-51.9,10.8-73.1C137.2,2.7,104.7-1.6,80.9,0.5\n\tC57.8,2.6,35.2,12.2,16.8,28.2C4,39.3-10.7,68.6,11.4,78.1c13.6,5.8,26.8,13,38.5,22.7c12,10,20.6,22.9,35.7,27.5\n\tC108.6,135.2,128.6,119.9,141.6,99.5L141.6,99.5z\"><\/path><\/svg>\n        <\/div>\n        <h1 class=\"u-text u-text-default u-text-1\"> De 5 daglige b\u00f8nner<\/h1>\n        <div class=\"u-expanded-width u-list u-list-1\">\n          <div class=\"u-repeater u-repeater-1\">\n            <div class=\"u-container-style u-list-item u-repeater-item\">\n              <div class=\"u-container-layout u-similar-container u-container-layout-1\">\n                <p class=\"u-text u-text-default u-text-grey-50 u-text-2\"> 2. De 5 daglige b\u00f8nner <br>De 5 daglige b\u00f8nner er den anden s\u00f8jle i Islam. B\u00f8nnen danner en personlig og spirituel forbindelse mellem den enkelte muslim og Skaberen, og er en konstant og praktisk p\u00e5mindelse om ens pligt til at underkaste sig Gud. Hver b\u00f8n bliver udf\u00f8rt ved daggry, middagstid, eftermiddag, solnedgang og ved tusm\u00f8rke. Hver b\u00f8n tager et par minutter, og best\u00e5r af en recitation af Koranen, forb\u00f8n , lovprisning og flere kropslige bev\u00e6gelser. For at kunne udf\u00f8re b\u00f8nnen, afvasker muslimerne dele af kroppen f.eks. ansigt og h\u00e6nder, for at sikre spirituel og fysisk renhed.\n                <\/p>\n              <\/div>\n            <\/div>\n          <\/div>\n        <\/div>\n      <\/div>\n    <\/section>\n    <section class=\"u-clearfix u-section-4\" id=\"carousel_fba9\">\n      <div class=\"u-clearfix u-sheet u-sheet-1\">\n        <div class=\"u-shape u-shape-svg u-text-palette-2-base u-shape-1\" data-animation-name=\"customAnimationIn\" data-animation-duration=\"2000\">\n          <svg class=\"u-svg-link\" preserveAspectRatio=\"none\" viewBox=\"0 0 160 130\" style=\"\"><use xlink:href=\"#svg-a952\"><\/use><\/svg>\n          <svg class=\"u-svg-content\" viewBox=\"0 0 160 130\" x=\"0px\" y=\"0px\" id=\"svg-a952\" style=\"enable-background:new 0 0 160 130;\"><path d=\"M141.6,99.5c0.3-0.5,0.6-0.9,0.9-1.4c11.8-19.2,26.1-51.9,10.8-73.1C137.2,2.7,104.7-1.6,80.9,0.5\n\tC57.8,2.6,35.2,12.2,16.8,28.2C4,39.3-10.7,68.6,11.4,78.1c13.6,5.8,26.8,13,38.5,22.7c12,10,20.6,22.9,35.7,27.5\n\tC108.6,135.2,128.6,119.9,141.6,99.5L141.6,99.5z\"><\/path><\/svg>\n        <\/div>\n        <h1 class=\"u-text u-text-default u-text-1\"> De \u00e5rlige almisse<\/h1>\n        <div class=\"u-expanded-width u-list u-list-1\">\n          <div class=\"u-repeater u-repeater-1\">\n            <div class=\"u-container-style u-list-item u-repeater-item\">\n              <div class=\"u-container-layout u-similar-container u-container-layout-1\">\n                <p class=\"u-text u-text-default u-text-grey-50 u-text-2\"> 3. De \u00e5rlige almisse <br>Den \u00e5rlige almisse er en pligt for enhver muslim, der im\u00f8dekommer visse kriterier (f.eks. at man besidder v\u00e6rdier af en hvis m\u00e6ngde). 2,5% af ens faste ejendom bliver doneret til de som er tr\u00e6ngende s\u00e5som de fattige, de n\u00f8dlidende eller rejsende. Det renser ens formue, og har mange fordele for b\u00e5de giveren og modtageren. En af de fordele er at det udligner skellet mellem rig og fattig, og sikrer at alle har deres basale forn\u00f8denheder.\n                <\/p>\n              <\/div>\n            <\/div>\n          <\/div>\n        <\/div>\n      <\/div>\n    <\/section>\n    <section class=\"u-clearfix u-section-5\" id=\"carousel_a985\">\n      <div class=\"u-clearfix u-sheet u-sheet-1\">\n        <div class=\"u-shape u-shape-svg u-text-palette-2-light-2 u-shape-1\" data-animation-name=\"customAnimationIn\" data-animation-duration=\"2000\">\n          <svg class=\"u-svg-link\" preserveAspectRatio=\"none\" viewBox=\"0 0 160 130\" style=\"\"><use xlink:href=\"#svg-a952\"><\/use><\/svg>\n          <svg class=\"u-svg-content\" viewBox=\"0 0 160 130\" x=\"0px\" y=\"0px\" id=\"svg-a952\" style=\"enable-background:new 0 0 160 130;\"><path d=\"M141.6,99.5c0.3-0.5,0.6-0.9,0.9-1.4c11.8-19.2,26.1-51.9,10.8-73.1C137.2,2.7,104.7-1.6,80.9,0.5\n\tC57.8,2.6,35.2,12.2,16.8,28.2C4,39.3-10.7,68.6,11.4,78.1c13.6,5.8,26.8,13,38.5,22.7c12,10,20.6,22.9,35.7,27.5\n\tC108.6,135.2,128.6,119.9,141.6,99.5L141.6,99.5z\"><\/path><\/svg>\n        <\/div>\n        <h1 class=\"u-text u-text-default u-text-1\"> Den \u00e5rlige faste<\/h1>\n        <div class=\"u-expanded-width u-list u-list-1\">\n          <div class=\"u-repeater u-repeater-1\">\n            <div class=\"u-container-style u-list-item u-repeater-item\">\n              <div class=\"u-container-layout u-similar-container u-container-layout-1\">\n                <p class=\"u-text u-text-default u-text-grey-50 u-text-2\"> 4. Den \u00e5rlige faste <br>Hvert \u00e5r under ramadanm\u00e5neden faster muslimer fra daggry til solnedgang, hvor de afholder sig fra mad og drikke samt samleje. Det er en stor spirituel renselse, der opbygger t\u00e5lmodighed, selvbeherskelse og styrker folkesundheden. Det  er obligatorisk at faste for enhver muslim, der er fysisk og mentalt parat. Syge, b\u00f8rn, mentalt udfordrede, de \u00e6ldre, menstruerende kvinder og rejsende er fritaget fasten. Gravide og ammende kvinder er ogs\u00e5 fritaget, hvis det vil bringe dem selv eller barnet fare eller ubehag.\n                <\/p>\n              <\/div>\n            <\/div>\n          <\/div>\n        <\/div>\n      <\/div>\n    <\/section>\n    <section class=\"u-clearfix u-section-6\" id=\"carousel_43a7\">\n      <div class=\"u-clearfix u-sheet u-sheet-1\">\n        <div class=\"u-shape u-shape-svg u-text-palette-4-light-1 u-shape-1\" data-animation-name=\"customAnimationIn\" data-animation-duration=\"2000\">\n          <svg class=\"u-svg-link\" preserveAspectRatio=\"none\" viewBox=\"0 0 160 130\" style=\"\"><use xlink:href=\"#svg-a952\"><\/use><\/svg>\n          <svg class=\"u-svg-content\" viewBox=\"0 0 160 130\" x=\"0px\" y=\"0px\" id=\"svg-a952\" style=\"enable-background:new 0 0 160 130;\"><path d=\"M141.6,99.5c0.3-0.5,0.6-0.9,0.9-1.4c11.8-19.2,26.1-51.9,10.8-73.1C137.2,2.7,104.7-1.6,80.9,0.5\n\tC57.8,2.6,35.2,12.2,16.8,28.2C4,39.3-10.7,68.6,11.4,78.1c13.6,5.8,26.8,13,38.5,22.7c12,10,20.6,22.9,35.7,27.5\n\tC108.6,135.2,128.6,119.9,141.6,99.5L141.6,99.5z\"><\/path><\/svg>\n        <\/div>\n        <h1 class=\"u-text u-text-default u-text-1\"> Pilgrimsrejsen<\/h1>\n        <div class=\"u-expanded-width u-list u-list-1\">\n          <div class=\"u-repeater u-repeater-1\">\n            <div class=\"u-container-style u-list-item u-repeater-item\">\n              <div class=\"u-container-layout u-similar-container u-container-layout-1\">\n                <p class=\"u-text u-text-default u-text-grey-50 u-text-2\"> 5.&nbsp;Pilgrimsrejsen <br>Pilgrimsrejsen til de hellige byer i Saudi Arabien skal udf\u00f8res mindst en gang i en muslims liv, hvis det er fysisk og \u00f8konomisk muligt.  Hvert  \u00e5r  i den tolvte m\u00e5ned i den islamiske kalender, samles folk af alle farver, race, status og alder, idet de samles for at tilbede Den Eneste Sande Gud. <br>Denne storsl\u00e5ede rejse best\u00e5r af mange dele, deriblandt ofringer, rundrejse og b\u00f8n ved flere sev\u00e6rdigheder. En s\u00e5dan oplevelse er livsforandrende og g\u00f8r personen ydmyg. Man bliver mere t\u00e5lmodig og taknemmelig, idet man opdager de ting i livet man har taget for givet.\n                <\/p>\n              <\/div>\n            <\/div>\n          <\/div>\n        <\/div>\n      <\/div>\n    <\/section>\n    <section class=\"u-clearfix u-section-7\" id=\"carousel_bd57\">\n      <div class=\"u-clearfix u-sheet u-valign-middle u-sheet-1\">\n        <div class=\"u-expanded-width u-list u-list-1\">\n          <div class=\"u-repeater u-repeater-1\">\n            <div class=\"u-container-style u-list-item u-repeater-item\">\n              <div class=\"u-container-layout u-similar-container u-container-layout-1\">\n                <p class=\"u-text u-text-default u-text-grey-50 u-text-1\">\n                  <span style=\"font-weight: 700;\"> Begrebet tilbedelse <\/span>\n                  <br>Begrebet tilbedelse i Islam er ikke kun begr\u00e6nset til de f\u00f8rn\u00e6vnte ritualer. Tilbedelse er et altomfattende begreb for de handlinger som behager Allah. Hverdagsaktiviteter kan v\u00e6re tilbedelse hvis man renser ens intention og sikrer sig at ens handlinger er i overensstemmelse med Guds retningslinjer. Det kan  f.eks.  v\u00e6re at smile, v\u00e6re god overfor sin nabo, st\u00f8tte ens familie, v\u00e6re \u00e6rlig, eller s\u00e5gar fjerne skrald fra gaden. Det er vigtigt at notere sig at Allah ikke har brug for nogens hj\u00e6lp, det er i stedet  os der har  brug for Ham, og det er vores tilbedelse der kommer os selv til gode. <br>\n                  <br>\n                  <span style=\"font-weight: 700;\">Konklusion <\/span>\n                  <br>De ovenn\u00e6vnte dele af troen og tilbedelseshandlinger udg\u00f8r det vigtigte i Islam. N\u00e5r disse bliver praktiseret korrekt, danner Islam rammen om individets fysiske, psykiske, spirituelle og sociale behov og er en praktisk og rationel livsf\u00f8relse. Derudover er det den eneste livf\u00f8relse der er accepteret af Gud Den Alm\u00e6gtige og den eneste vej til paradiset.\n                <\/p>\n              <\/div>\n            <\/div>\n          <\/div>\n        <\/div>\n      <\/div>\n    <\/section>\n    \n    \n    \n    \n    \n  \n","protected":false},"excerpt":{"rendered":"<p>De 5 s\u00f8jler Det grundl\u00e6ggendei en muslims liv Trosbekendelsen Trosbekendelsen er vidnesbyrdet om, at der ingen anden Gud er end Allah, og at Muhammed er Hans sidste sendebud&#8230;. MERE De 5 daglige b\u00f8nner De 5 daglige b\u00f8nner er den anden s\u00f8jle i Islam.&nbsp;B\u00f8nnen danner en personlig og spirituel forbindelse&#8230; MERE De \u00e5rligealmisse Den \u00e5rlige almisse &hellip; <a href=\"https:\/\/alwakf.dk\/index.php\/sojler\/\" class=\"more-link\">Continue reading<span class=\"screen-reader-text\"> &#8220;sojler&#8221;<\/span><\/a><\/p>\n","protected":false},"author":1,"featured_media":0,"parent":0,"menu_order":8,"comment_status":"closed","ping_status":"closed","template":"","meta":{"footnotes":""},"class_list":["post-665","page","type-page","status-publish","hentry"],"_links":{"self":[{"href":"https:\/\/alwakf.dk\/index.php\/wp-json\/wp\/v2\/pages\/665","targetHints":{"allow":["GET"]}}],"collection":[{"href":"https:\/\/alwakf.dk\/index.php\/wp-json\/wp\/v2\/pages"}],"about":[{"href":"https:\/\/alwakf.dk\/index.php\/wp-json\/wp\/v2\/types\/page"}],"author":[{"embeddable":true,"href":"https:\/\/alwakf.dk\/index.php\/wp-json\/wp\/v2\/users\/1"}],"replies":[{"embeddable":true,"href":"https:\/\/alwakf.dk\/index.php\/wp-json\/wp\/v2\/comments?post=665"}],"version-history":[{"count":1,"href":"https:\/\/alwakf.dk\/index.php\/wp-json\/wp\/v2\/pages\/665\/revisions"}],"predecessor-version":[{"id":679,"href":"https:\/\/alwakf.dk\/index.php\/wp-json\/wp\/v2\/pages\/665\/revisions\/679"}],"wp:attachment":[{"href":"https:\/\/alwakf.dk\/index.php\/wp-json\/wp\/v2\/media?parent=665"}],"curies":[{"name":"wp","href":"https:\/\/api.w.org\/{rel}","templated":true}]}}