{"id":664,"date":"2024-10-27T11:29:05","date_gmt":"2024-10-27T10:29:05","guid":{"rendered":"https:\/\/alwakf.dk\/index.php\/kontakt\/"},"modified":"2024-10-27T11:29:07","modified_gmt":"2024-10-27T10:29:07","slug":"kontakt","status":"publish","type":"page","link":"https:\/\/alwakf.dk\/index.php\/kontakt\/","title":{"rendered":"Kontakt"},"content":{"rendered":"\n  \n    <section class=\"u-clearfix u-grey-90 u-valign-middle-md u-section-1\" id=\"carousel_1361\">\n      <img decoding=\"async\" class=\"u-expanded-width u-image u-image-1\" src=\"https:\/\/alwakf.dk\/wp-content\/uploads\/2024\/10\/fgfg-min.jpg\" data-image-width=\"1920\" data-image-height=\"1003\">\n      <div class=\"u-list u-list-1\">\n        <div class=\"u-repeater u-repeater-1\">\n          <div class=\"u-align-center u-container-align-center u-container-style u-list-item u-repeater-item u-white u-list-item-1\">\n            <div class=\"u-container-layout u-similar-container u-valign-top u-container-layout-1\"><span class=\"u-icon u-icon-circle u-text-palette-4-dark-1 u-icon-1\"><svg class=\"u-svg-link\" preserveAspectRatio=\"xMidYMin slice\" viewBox=\"0 0 52 52\" style=\"\"><use xlink:href=\"#svg-077e\"><\/use><\/svg><svg class=\"u-svg-content\" viewBox=\"0 0 52 52\" x=\"0px\" y=\"0px\" id=\"svg-077e\" style=\"enable-background:new 0 0 52 52;\"><path style=\"fill:currentColor;\" d=\"M38.853,5.324L38.853,5.324c-7.098-7.098-18.607-7.098-25.706,0h0\n\tC6.751,11.72,6.031,23.763,11.459,31L26,52l14.541-21C45.969,23.763,45.249,11.72,38.853,5.324z M26.177,24c-3.314,0-6-2.686-6-6\n\ts2.686-6,6-6s6,2.686,6,6S29.491,24,26.177,24z\"><\/path><\/svg><\/span>\n              <h5 class=\"u-text u-text-1\">our main office<\/h5>\n              <p class=\"u-text u-text-2\">Grimh\u00f8jvej 7<br>8220 Brabrand<br>Denmark\n              <\/p>\n            <\/div>\n          <\/div>\n          <div class=\"u-align-center u-container-align-center u-container-style u-list-item u-repeater-item u-white u-list-item-2\">\n            <div class=\"u-container-layout u-similar-container u-valign-top u-container-layout-2\"><span class=\"u-icon u-icon-circle u-text-palette-4-dark-1 u-icon-2\"><svg class=\"u-svg-link\" preserveAspectRatio=\"xMidYMin slice\" viewBox=\"0 0 513.64 513.64\" style=\"\"><use xlink:href=\"#svg-9786\"><\/use><\/svg><svg class=\"u-svg-content\" viewBox=\"0 0 513.64 513.64\" x=\"0px\" y=\"0px\" id=\"svg-9786\" style=\"enable-background:new 0 0 513.64 513.64;\"><g><g><path d=\"M499.66,376.96l-71.68-71.68c-25.6-25.6-69.12-15.359-79.36,17.92c-7.68,23.041-33.28,35.841-56.32,30.72    c-51.2-12.8-120.32-79.36-133.12-133.12c-7.68-23.041,7.68-48.641,30.72-56.32c33.28-10.24,43.52-53.76,17.92-79.36l-71.68-71.68    c-20.48-17.92-51.2-17.92-69.12,0l-48.64,48.64c-48.64,51.2,5.12,186.88,125.44,307.2c120.32,120.32,256,176.641,307.2,125.44    l48.64-48.64C517.581,425.6,517.581,394.88,499.66,376.96z\"><\/path>\n<\/g>\n<\/g><\/svg><\/span>\n              <h5 class=\"u-text u-text-3\">phone number<\/h5>\n              <p class=\"u-text u-text-4\">0045 40685161<br>0045 52222268 \n              <\/p>\n            <\/div>\n          <\/div>\n          <div class=\"u-align-center u-container-align-center u-container-style u-list-item u-repeater-item u-white u-list-item-3\">\n            <div class=\"u-container-layout u-similar-container u-valign-top u-container-layout-3\"><span class=\"u-icon u-icon-circle u-text-palette-4-dark-1 u-icon-3\"><svg class=\"u-svg-link\" preserveAspectRatio=\"xMidYMin slice\" viewBox=\"0 0 512 512\" style=\"\"><use xlink:href=\"#svg-d01e\"><\/use><\/svg><svg class=\"u-svg-content\" viewBox=\"0 0 512 512\" id=\"svg-d01e\"><path d=\"m201 12.714v184.286h267v-184.286c0-7.022-5.692-12.714-12.714-12.714h-241.572c-7.022 0-12.714 5.692-12.714 12.714zm63.89 33.131h70.271c8.284 0 15 6.716 15 15s-6.716 15-15 15h-70.271c-8.284 0-15-6.716-15-15s6.715-15 15-15zm0 75.142h139.22c8.284 0 15 6.716 15 15s-6.716 15-15 15h-139.22c-8.284 0-15-6.716-15-15s6.715-15 15-15z\"><\/path><path d=\"m472 227h-275c-22.091 0-40 17.909-40 40v205c0 22.091 17.909 40 40 40h275c22.091 0 40-17.909 40-40v-205c0-22.091-17.909-40-40-40zm-207.5 217.5h-20c-8.284 0-15-6.716-15-15s6.716-15 15-15h20c8.284 0 15 6.716 15 15s-6.716 15-15 15zm0-60h-20c-8.284 0-15-6.716-15-15s6.716-15 15-15h20c8.284 0 15 6.716 15 15s-6.716 15-15 15zm0-60h-20c-8.284 0-15-6.716-15-15s6.716-15 15-15h20c8.284 0 15 6.716 15 15s-6.716 15-15 15zm80 120h-20c-8.284 0-15-6.716-15-15s6.716-15 15-15h20c8.284 0 15 6.716 15 15s-6.716 15-15 15zm0-60h-20c-8.284 0-15-6.716-15-15s6.716-15 15-15h20c8.284 0 15 6.716 15 15s-6.716 15-15 15zm0-60h-20c-8.284 0-15-6.716-15-15s6.716-15 15-15h20c8.284 0 15 6.716 15 15s-6.716 15-15 15zm80 120h-20c-8.284 0-15-6.716-15-15s6.716-15 15-15h20c8.284 0 15 6.716 15 15s-6.716 15-15 15zm0-60h-20c-8.284 0-15-6.716-15-15s6.716-15 15-15h20c8.284 0 15 6.716 15 15s-6.716 15-15 15zm0-60h-20c-8.284 0-15-6.716-15-15s6.716-15 15-15h20c8.284 0 15 6.716 15 15s-6.716 15-15 15z\"><\/path><path d=\"m87 227h-47c-22.091 0-40 17.909-40 40v205c0 22.091 17.909 40 40 40h47c22.091 0 40-17.909 40-40v-205c0-22.091-17.909-40-40-40z\"><\/path><\/svg><\/span>\n              <h5 class=\"u-text u-text-5\">Fax<\/h5>\n              <p class=\"u-text u-text-6\">XXXXXXXXX<\/p>\n            <\/div>\n          <\/div>\n          <div class=\"u-align-center u-container-align-center u-container-style u-list-item u-repeater-item u-white u-list-item-4\">\n            <div class=\"u-container-layout u-similar-container u-valign-top u-container-layout-4\"><span class=\"u-icon u-icon-circle u-text-palette-4-dark-1 u-icon-4\"><svg class=\"u-svg-link\" preserveAspectRatio=\"xMidYMin slice\" viewBox=\"0 0 512 512\" style=\"\"><use xlink:href=\"#svg-9f82\"><\/use><\/svg><svg class=\"u-svg-content\" viewBox=\"0 0 512 512\" x=\"0px\" y=\"0px\" id=\"svg-9f82\" style=\"enable-background:new 0 0 512 512;\"><g><g><path d=\"M507.49,101.721L352.211,256L507.49,410.279c2.807-5.867,4.51-12.353,4.51-19.279V121    C512,114.073,510.297,107.588,507.49,101.721z\"><\/path>\n<\/g>\n<\/g><g><g><path d=\"M467,76H45c-6.927,0-13.412,1.703-19.279,4.51l198.463,197.463c17.548,17.548,46.084,17.548,63.632,0L486.279,80.51    C480.412,77.703,473.927,76,467,76z\"><\/path>\n<\/g>\n<\/g><g><g><path d=\"M4.51,101.721C1.703,107.588,0,114.073,0,121v270c0,6.927,1.703,13.413,4.51,19.279L159.789,256L4.51,101.721z\"><\/path>\n<\/g>\n<\/g><g><g><path d=\"M331,277.211l-21.973,21.973c-29.239,29.239-76.816,29.239-106.055,0L181,277.211L25.721,431.49    C31.588,434.297,38.073,436,45,436h422c6.927,0,13.412-1.703,19.279-4.51L331,277.211z\"><\/path>\n<\/g>\n<\/g><\/svg><\/span>\n              <h5 class=\"u-text u-text-7\">Email<\/h5>\n              <p class=\"u-text u-text-8\">\n                <a href=\"mailto:hello@theme.com\" class=\"u-active-none u-border-1 u-border-active-black u-border-hover-black u-border-no-left u-border-no-right u-border-no-top u-border-palette-4-dark-2 u-btn u-button-link u-button-style u-hover-none u-none u-text-active-black u-text-hover-black u-text-palette-4-dark-1 u-btn-1\">hello@theme.com<\/a>\n              <\/p>\n            <\/div>\n          <\/div>\n        <\/div>\n      <\/div>\n      <div class=\"data-layout-selected u-clearfix u-layout-wrap u-layout-wrap-1\">\n        <div class=\"u-layout\">\n          <div class=\"u-layout-row\">\n            <div class=\"u-align-left u-black u-container-align-left u-container-style u-layout-cell u-left-cell u-size-30 u-layout-cell-1\">\n              <div class=\"u-container-layout u-container-layout-5\">\n                <h3 class=\"u-text u-text-body-alt-color u-text-default u-text-9\"> Kontakt os<\/h3>\n                <p class=\"u-align-left u-text u-text-10\"> Du er altid velkommen til at kontakte os. Vi er tilg\u00e6ngelige man-fre 10.00-19.00. og l\u00f8r-s\u00f8n 10.00-17.00. <br>Vi ser frem til at h\u00f8re fra dig!\n                <\/p>\n                <div class=\"custom-expanded u-form u-form-1\">\n                  <form action=\"https:\/\/forms.nicepagesrv.com\/v2\/form\/process\" class=\"u-clearfix u-form-spacing-30 u-form-vertical u-inner-form\" style=\"padding: 0px;\" source=\"email\" name=\"form\">\n                    <div class=\"u-form-email u-form-group u-form-partition-factor-2\">\n                      <label for=\"email-319a\" class=\"u-label u-text-body-alt-color u-label-1\">Email<\/label>\n                      <input type=\"email\" placeholder=\"Enter a valid email address\" id=\"email-319a\" name=\"email\" class=\"u-border-2 u-border-no-left u-border-no-right u-border-no-top u-border-white u-input u-input-rectangle\" required=\"\">\n                    <\/div>\n                    <div class=\"u-form-group u-form-name u-form-partition-factor-2\">\n                      <label for=\"name-319a\" class=\"u-label u-text-body-alt-color u-label-2\">Name<\/label>\n                      <input type=\"text\" placeholder=\"Enter your Name\" id=\"name-319a\" name=\"name\" class=\"u-border-2 u-border-no-left u-border-no-right u-border-no-top u-border-white u-input u-input-rectangle\" required=\"\">\n                    <\/div>\n                    <div class=\"u-form-group u-form-message\">\n                      <label for=\"message-319a\" class=\"u-label u-text-body-alt-color u-label-3\">Message<\/label>\n                      <textarea placeholder=\"Enter your message\" rows=\"4\" cols=\"50\" id=\"message-319a\" name=\"message\" class=\"u-border-2 u-border-no-left u-border-no-right u-border-no-top u-border-white u-input u-input-rectangle\" required=\"\"><\/textarea>\n                    <\/div>\n                    <div class=\"u-align-left u-form-group u-form-submit\">\n                      <a href=\"#\" class=\"u-btn u-btn-submit u-button-style u-white u-btn-2\">Submit<\/a>\n                      <input type=\"submit\" value=\"submit\" class=\"u-form-control-hidden\" wfd-invisible=\"true\">\n                    <\/div>\n                    <div class=\"u-form-send-message u-form-send-success\" wfd-invisible=\"true\"> Thank you! Your message has been sent. <\/div>\n                    <div class=\"u-form-send-error u-form-send-message\" wfd-invisible=\"true\"> Unable to send your message. Please fix errors then try again. <\/div>\n                    <input type=\"hidden\" value=\"\" name=\"recaptchaResponse\" wfd-invisible=\"true\">\n                    <input type=\"hidden\" name=\"formServices\" value=\"682b9aee-5c51-44bc-736b-4ae93de7844a\">\n                  <\/form>\n                <\/div>\n              <\/div>\n            <\/div>\n            <div class=\"u-black u-container-style u-layout-cell u-right-cell u-size-30 u-layout-cell-2\">\n              <div class=\"u-container-layout u-container-layout-6\">\n                <div class=\"u-expanded u-grey-light-2 u-map\">\n                  <div class=\"embed-responsive\">\n                    <iframe class=\"embed-responsive-item\" src=\"https:\/\/maps.google.com\/maps?output=embed&amp;q=Grimh%C3%B8jvej%207%2C%208220%20Brabrand&amp;z=17&amp;t=m\" data-map=\"JTdCJTIyYWRkcmVzcyUyMiUzQSUyMkdyaW1oJUMzJUI4anZlaiUyMDclMkMlMjA4MjIwJTIwQnJhYnJhbmQlMjIlMkMlMjJ6b29tJTIyJTNBMTclMkMlMjJ0eXBlSWQlMjIlM0ElMjJyb2FkJTIyJTJDJTIybGFuZyUyMiUzQW51bGwlMkMlMjJhcGlLZXklMjIlM0FudWxsJTJDJTIybWFya2VycyUyMiUzQSU1QiU1RCU3RA==\"><\/iframe>\n                  <\/div>\n                <\/div>\n              <\/div>\n            <\/div>\n          <\/div>\n        <\/div>\n      <\/div>\n    <\/section>\n    \n    \n    \n    \n    \n  \n","protected":false},"excerpt":{"rendered":"<p>our main office Grimh\u00f8jvej 78220 BrabrandDenmark phone number 0045 406851610045 52222268 Fax XXXXXXXXX Email hello@theme.com Kontakt os Du er altid velkommen til at kontakte os. Vi er tilg\u00e6ngelige man-fre 10.00-19.00. og l\u00f8r-s\u00f8n 10.00-17.00. Vi ser frem til at h\u00f8re fra dig! Email Name Message Submit Thank you! Your message has been sent. Unable to send &hellip; <a href=\"https:\/\/alwakf.dk\/index.php\/kontakt\/\" class=\"more-link\">Continue reading<span class=\"screen-reader-text\"> &#8220;Kontakt&#8221;<\/span><\/a><\/p>\n","protected":false},"author":1,"featured_media":0,"parent":0,"menu_order":7,"comment_status":"closed","ping_status":"closed","template":"","meta":{"footnotes":""},"class_list":["post-664","page","type-page","status-publish","hentry"],"_links":{"self":[{"href":"https:\/\/alwakf.dk\/index.php\/wp-json\/wp\/v2\/pages\/664","targetHints":{"allow":["GET"]}}],"collection":[{"href":"https:\/\/alwakf.dk\/index.php\/wp-json\/wp\/v2\/pages"}],"about":[{"href":"https:\/\/alwakf.dk\/index.php\/wp-json\/wp\/v2\/types\/page"}],"author":[{"embeddable":true,"href":"https:\/\/alwakf.dk\/index.php\/wp-json\/wp\/v2\/users\/1"}],"replies":[{"embeddable":true,"href":"https:\/\/alwakf.dk\/index.php\/wp-json\/wp\/v2\/comments?post=664"}],"version-history":[{"count":1,"href":"https:\/\/alwakf.dk\/index.php\/wp-json\/wp\/v2\/pages\/664\/revisions"}],"predecessor-version":[{"id":678,"href":"https:\/\/alwakf.dk\/index.php\/wp-json\/wp\/v2\/pages\/664\/revisions\/678"}],"wp:attachment":[{"href":"https:\/\/alwakf.dk\/index.php\/wp-json\/wp\/v2\/media?parent=664"}],"curies":[{"name":"wp","href":"https:\/\/api.w.org\/{rel}","templated":true}]}}