{"id":661,"date":"2024-10-27T11:29:02","date_gmt":"2024-10-27T10:29:02","guid":{"rendered":"https:\/\/alwakf.dk\/index.php\/troen\/"},"modified":"2024-10-27T11:29:07","modified_gmt":"2024-10-27T10:29:07","slug":"troen","status":"publish","type":"page","link":"https:\/\/alwakf.dk\/index.php\/troen\/","title":{"rendered":"troen"},"content":{"rendered":"\n  \n    <section class=\"u-align-center u-clearfix u-container-align-center u-grey-5 u-section-1\" src=\"\" id=\"carousel_f8df\">\n      <div class=\"custom-expanded u-container-style u-expanded-width-lg u-group u-image u-shading u-image-1\" data-image-width=\"2550\" data-image-height=\"1700\" data-animation-name=\"flipIn\" data-animation-duration=\"1500\" data-animation-delay=\"0\" data-animation-direction=\"X\" style=\"background-image: linear-gradient(0deg, rgba(0, 0, 0, 0.3), rgba(0, 0, 0, 0.3)), url(&quot;https:\/\/alwakf.dk\/wp-content\/uploads\/2024\/10\/mosque-al-masjid-an-nabawi.jpg&quot;);\">\n        <div class=\"u-container-layout u-valign-top u-container-layout-1\">\n          <h1 class=\"u-align-center u-text u-text-body-alt-color u-text-default u-text-1\"> De 6 inddelinger af troen<\/h1>\n        <\/div>\n      <\/div>\n      <div class=\"data-layout-selected u-clearfix u-gutter-30 u-layout-wrap u-layout-wrap-1\">\n        <div class=\"u-gutter-0 u-layout\">\n          <div class=\"u-layout-row\">\n            <div class=\"u-align-center u-container-align-center u-container-style u-layout-cell u-radius u-size-10 u-white u-layout-cell-1\">\n              <div class=\"u-container-layout u-valign-top u-container-layout-2\"><span class=\"u-align-center u-custom-color-1 u-file-icon u-icon u-icon-circle u-icon-1\" data-animation-name=\"\" data-animation-duration=\"0\" data-animation-delay=\"0\" data-animation-direction=\"\"><img decoding=\"async\" src=\"https:\/\/alwakf.dk\/wp-content\/uploads\/2024\/10\/3ecb6b8b.png\" alt=\"\"><\/span>\n                <h4 class=\"u-align-center u-text u-text-2\">Troen p\u00e5 Allah<\/h4>\n                <p class=\"u-align-center u-text u-text-3\">\"Allah\u201d er det unikke arabiske navn p\u00e5 Den Eneste Sande Gud, som er den eneste v\u00e6rdig at tilbede uden partnere...<\/p>\n                <a href=\"https:\/\/alwakf.dk\/index.php\/troen\/#carousel_6e10\" class=\"u-active-none u-align-center u-border-1 u-border-active-grey-60 u-border-black u-border-hover-grey-60 u-border-no-left u-border-no-right u-border-no-top u-btn u-button-style u-hover-none u-none u-text-body-color u-btn-1\">MERE <\/a>\n              <\/div>\n            <\/div>\n            <div class=\"cell-temp-clone u-align-center u-container-align-center u-container-style u-layout-cell u-radius u-size-10 u-white u-layout-cell-2\">\n              <div class=\"u-container-layout u-valign-top u-container-layout-3\"><span class=\"u-align-center u-file-icon u-icon u-icon-circle u-palette-3-light-1 u-icon-2\" data-animation-name=\"\" data-animation-duration=\"0\" data-animation-delay=\"0\" data-animation-direction=\"\"><img decoding=\"async\" src=\"https:\/\/alwakf.dk\/wp-content\/uploads\/2024\/10\/0ef2a23b.png\" alt=\"\"><\/span>\n                <h4 class=\"u-align-center u-text u-text-4\"> Troen p\u00e5 englene<\/h4>\n                <p class=\"u-align-center u-text u-text-5\"> Allah skabte englene fra lys, som aldrig afviser Hans befaling. Detaljer om nogle af englene er blevet....<\/p>\n                <a href=\"https:\/\/alwakf.dk\/index.php\/troen\/#carousel_6770\" class=\"u-active-none u-align-center u-border-1 u-border-active-grey-60 u-border-black u-border-hover-grey-60 u-border-no-left u-border-no-right u-border-no-top u-btn u-button-style u-hover-none u-none u-text-body-color u-btn-2\">MERE <\/a>\n              <\/div>\n            <\/div>\n            <div class=\"cell-temp-clone u-align-center u-container-align-center u-container-style u-layout-cell u-radius u-size-10 u-white u-layout-cell-3\">\n              <div class=\"u-container-layout u-valign-top u-container-layout-4\"><span class=\"u-align-center u-file-icon u-icon u-icon-circle u-palette-2-base u-icon-3\" data-animation-name=\"\" data-animation-duration=\"0\" data-animation-delay=\"0\" data-animation-direction=\"\"><img decoding=\"async\" src=\"https:\/\/alwakf.dk\/wp-content\/uploads\/2024\/10\/3ecb6b8b.png\" alt=\"\"><\/span>\n                <h4 class=\"u-align-center u-text u-text-6\"> Troen p\u00e5 de \u00e5benbarede b\u00f8ger<\/h4>\n                <p class=\"u-align-center u-text u-text-7\"> Den \u00e5rlige almisse er en pligt for enhver muslim, der im\u00f8dekommer visse kriterier (f.eks. at man....<\/p>\n                <a href=\"https:\/\/alwakf.dk\/index.php\/troen\/#carousel_fba9\" class=\"u-active-none u-align-center u-border-1 u-border-active-grey-60 u-border-black u-border-hover-grey-60 u-border-no-left u-border-no-right u-border-no-top u-btn u-button-style u-hover-none u-none u-text-body-color u-btn-3\">MERE <\/a>\n              <\/div>\n            <\/div>\n            <div class=\"cell-temp-clone u-align-center u-container-align-center u-container-style u-layout-cell u-radius u-size-10 u-white u-layout-cell-4\">\n              <div class=\"u-container-layout u-valign-top u-container-layout-5\"><span class=\"u-align-center u-custom-color-2 u-file-icon u-icon u-icon-circle u-icon-4\" data-animation-name=\"\" data-animation-duration=\"0\" data-animation-delay=\"0\" data-animation-direction=\"\"><img decoding=\"async\" src=\"https:\/\/alwakf.dk\/wp-content\/uploads\/2024\/10\/3ecb6b8b.png\" alt=\"\"><\/span>\n                <h4 class=\"u-align-center u-text u-text-8\"> Troen p\u00e5 profeterne<\/h4>\n                <p class=\"u-align-center u-text u-text-9\"> Muslimerne tror, at flere tusinde profeter blev sendt af Allah, og at hvert folk har modtaget dem for at h\u00f8re p\u00e5 Guds....<\/p>\n                <a href=\"https:\/\/alwakf.dk\/index.php\/troen\/#carousel_a985\" class=\"u-active-none u-align-center u-border-1 u-border-active-grey-60 u-border-black u-border-hover-grey-60 u-border-no-left u-border-no-right u-border-no-top u-btn u-button-style u-hover-none u-none u-text-body-color u-btn-4\">MERE <\/a>\n              <\/div>\n            <\/div>\n            <div class=\"cell-temp-clone u-align-center u-container-align-center u-container-style u-layout-cell u-radius u-size-10 u-white u-layout-cell-5\">\n              <div class=\"u-container-layout u-valign-top u-container-layout-6\"><span class=\"u-align-center u-file-icon u-icon u-icon-circle u-palette-4-dark-1 u-icon-5\" data-animation-name=\"\" data-animation-duration=\"0\" data-animation-delay=\"0\" data-animation-direction=\"\"><img decoding=\"async\" src=\"https:\/\/alwakf.dk\/wp-content\/uploads\/2024\/10\/3ecb6b8b.png\" alt=\"\"><\/span>\n                <h4 class=\"u-align-center u-text u-text-10\"> Troen p\u00e5 dommedagen<\/h4>\n                <p class=\"u-align-center u-text u-text-11\"> Dommedagen, er en begivenhed, hvor hver person vil st\u00e5 foran Skaberen, og vil blive adspur.gt omkring sine gode og...<\/p>\n                <a href=\"https:\/\/alwakf.dk\/index.php\/troen\/#carousel_43a7\" class=\"u-active-none u-align-center u-border-1 u-border-active-grey-60 u-border-black u-border-hover-grey-60 u-border-no-left u-border-no-right u-border-no-top u-btn u-button-style u-hover-none u-none u-text-body-color u-btn-5\">MERE <\/a>\n              <\/div>\n            <\/div>\n            <div class=\"cell-temp-clone u-align-center u-container-align-center u-container-style u-layout-cell u-radius u-size-10 u-white u-layout-cell-6\">\n              <div class=\"u-container-layout u-valign-top u-container-layout-7\"><span class=\"u-align-center u-file-icon u-icon u-icon-circle u-palette-3-dark-1 u-icon-6\" data-animation-name=\"\" data-animation-duration=\"0\" data-animation-delay=\"0\" data-animation-direction=\"\"><img decoding=\"async\" src=\"https:\/\/alwakf.dk\/wp-content\/uploads\/2024\/10\/3ecb6b8b.png\" alt=\"\"><\/span>\n                <h4 class=\"u-align-center u-text u-text-12\"> Troen p\u00e5 sk\u00e6bnen<\/h4>\n                <p class=\"u-align-center u-text u-text-13\"> Allah kender alting, fortiden, nutiden og alt det der vil ske i fremtiden. Alle mennesker er blevet givet den frie vilje til....<\/p>\n                <a href=\"https:\/\/alwakf.dk\/index.php\/troen\/#carousel_e549\" class=\"u-active-none u-align-center u-border-1 u-border-active-grey-60 u-border-black u-border-hover-grey-60 u-border-no-left u-border-no-right u-border-no-top u-btn u-button-style u-hover-none u-none u-text-body-color u-btn-6\">MERE <\/a>\n              <\/div>\n            <\/div>\n          <\/div>\n        <\/div>\n      <\/div>\n    <\/section>\n    <section class=\"u-clearfix u-section-2\" id=\"carousel_6e10\">\n      <div class=\"u-clearfix u-sheet u-sheet-1\">\n        <h1 class=\"u-text u-text-default u-text-1\"> Troen p\u00e5 Allah...<\/h1>\n        <img decoding=\"async\" class=\"u-image u-image-contain u-image-default u-image-1\" src=\"https:\/\/alwakf.dk\/wp-content\/uploads\/2024\/10\/Kaabah.png\" alt=\"\" data-image-width=\"6251\" data-image-height=\"6250\">\n        <div class=\"u-expanded-width u-list u-list-1\">\n          <div class=\"u-repeater u-repeater-1\">\n            <div class=\"u-container-style u-list-item u-repeater-item\">\n              <div class=\"u-container-layout u-similar-container u-container-layout-1\">\n                <p class=\"u-text u-text-default u-text-grey-50 u-text-2\">\n                  <span style=\"font-weight: 700;\"> 1. Troen p\u00e5 Allah&nbsp;<\/span>\n                  <span style=\"font-style: italic; font-size: 1rem;\">Allah er navnet p\u00e5 Den Eneste Sande Gud<\/span>. <br> \u201dAllah\u201d er det unikke arabiske navn p\u00e5 Den Eneste Sande Gud, som er den eneste v\u00e6rdig at tilbede uden partnere, rivaler og des lige. Allah er ikke som sine skabninger, ej heller deler noget Hans guddommelige essens og egenskaber. Han er Skaberen, Fors\u00f8rgeren, Den Mest Barmhjertige, Den Alm\u00e6gtige, Den retf\u00e6rdige, Den Vise og Den Alvidende. <br>Allah deler ikke Hans autoritet eller handlinger med nogen anden. Jorden blev alene skabt p\u00e5 Allahs befaling, og Han alene kontrollerer og styrer den. En s\u00e5 kompleks og balanceret skabelse er kun mulig for et h\u00f8jere v\u00e6sen. Det er derfor ulogisk at tro at universet skabte sig selv, eller er resultatet af tilf\u00e6lde eller sammentr\u00e6f.&nbsp;<br>\n                <\/p>\n              <\/div>\n            <\/div>\n          <\/div>\n        <\/div>\n      <\/div>\n    <\/section>\n    <section class=\"u-clearfix u-section-3\" id=\"carousel_6770\">\n      <div class=\"u-clearfix u-sheet u-sheet-1\">\n        <h1 class=\"u-text u-text-default u-text-1\">\n          <a class=\"u-active-none u-border-none u-btn u-button-link u-button-style u-hover-none u-none u-text-body-color u-btn-1\" href=\"https:\/\/alwakf.dk\/index.php\/troen\/#carousel_6770\"> Troen p\u00e5 englene<\/a>\n        <\/h1>\n        <img decoding=\"async\" class=\"u-image u-image-contain u-image-default u-image-1\" src=\"https:\/\/alwakf.dk\/wp-content\/uploads\/2024\/10\/Lantern.png\" alt=\"\" data-image-width=\"6251\" data-image-height=\"6250\">\n        <div class=\"u-expanded-width u-list u-list-1\">\n          <div class=\"u-repeater u-repeater-1\">\n            <div class=\"u-container-style u-list-item u-repeater-item\">\n              <div class=\"u-container-layout u-similar-container u-container-layout-1\">\n                <p class=\"u-text u-text-default u-text-grey-50 u-text-2\">\n                  <span style=\"font-weight: 700;\">2.Troen p\u00e5 englene<\/span>\n                  <br>Allah skabte englene fra lys, som aldrig afviser Hans befaling. Detaljer om nogle af englene er blevet \u00e5benbaret for os, s\u00e5som Gabriel der leverer Guds budskab til profeterne, og d\u00f8dens engel som tager folks sj\u00e6le.<br>\n                <\/p>\n              <\/div>\n            <\/div>\n          <\/div>\n        <\/div>\n      <\/div>\n    <\/section>\n    <section class=\"u-clearfix u-section-4\" id=\"carousel_fba9\">\n      <div class=\"u-clearfix u-sheet u-sheet-1\">\n        <h1 class=\"u-text u-text-default u-text-1\">\n          <a class=\"u-active-none u-border-none u-btn u-button-link u-button-style u-hover-none u-none u-text-body-color u-btn-1\" href=\"https:\/\/alwakf.dk\/index.php\/troen\/#carousel_fba9\"> Troen p\u00e5 de<br>\u00e5benbarede b\u00f8ger&nbsp;<br>\n          <\/a>\n        <\/h1>\n        <img decoding=\"async\" class=\"u-image u-image-contain u-image-default u-preserve-proportions u-image-1\" src=\"https:\/\/alwakf.dk\/wp-content\/uploads\/2024\/10\/HolyBook.png\" alt=\"\" data-image-width=\"6251\" data-image-height=\"6251\">\n        <div class=\"u-expanded-width u-list u-list-1\">\n          <div class=\"u-repeater u-repeater-1\">\n            <div class=\"u-container-style u-list-item u-repeater-item\">\n              <div class=\"u-container-layout u-similar-container u-container-layout-1\">\n                <p class=\"u-text u-text-default u-text-grey-50 u-text-2\">\n                  <span style=\"font-weight: 700;\"> 3.Troen p\u00e5 de \u00e5benbarede b\u00f8ger <\/span>\n                  <br>Den \u00e5rlige almisse er en pligt for enhver muslim, der im\u00f8dekommer visse kriterier (f.eks. at man besidder v\u00e6rdier af en hvis m\u00e6ngde). 2,5% af ens faste ejendom bliver doneret til de som er tr\u00e6ngende s\u00e5som de fattige, de n\u00f8dlidende eller rejsende. Det renser ens formue, og har mange fordele for b\u00e5de giveren og modtageren. En af de fordele er at det udligner skellet mellem rig og fattig, og sikrer at alle har deres basale forn\u00f8denheder.\n                <\/p>\n              <\/div>\n            <\/div>\n          <\/div>\n        <\/div>\n      <\/div>\n    <\/section>\n    <section class=\"u-clearfix u-section-5\" id=\"carousel_a985\">\n      <div class=\"u-clearfix u-sheet u-sheet-1\">\n        <h1 class=\"u-text u-text-default u-text-1\">\n          <a class=\"u-active-none u-border-none u-btn u-button-link u-button-style u-hover-none u-none u-text-body-color u-btn-1\" href=\"#\"> Troen p\u00e5 profeterne<\/a>\n        <\/h1>\n        <img decoding=\"async\" class=\"u-image u-image-contain u-image-default u-preserve-proportions u-image-1\" src=\"https:\/\/alwakf.dk\/wp-content\/uploads\/2024\/10\/PrayerHands.png\" alt=\"\" data-image-width=\"6251\" data-image-height=\"6251\">\n        <div class=\"u-expanded-width u-list u-list-1\">\n          <div class=\"u-repeater u-repeater-1\">\n            <div class=\"u-container-style u-list-item u-repeater-item\">\n              <div class=\"u-container-layout u-similar-container u-container-layout-1\">\n                <p class=\"u-text u-text-default u-text-grey-50 u-text-2\">\n                  <span style=\"font-weight: 700;\"> 4.Troen p\u00e5 profeterne <\/span>\n                  <br> Muslimerne tror, at flere tusinde profeter blev sendt af Allah, og at hvert folk har modtaget dem for at h\u00f8re p\u00e5 Guds \u00e5benbaring. Disse profeter er: Adam, Noah, Abraham, David, Josef, Moses, Jesus og Muhammed (Gfvmda}. Deres mission var at kalde folk tilbage til at tilbede Den Eneste Sande Gud, at v\u00e6re praktiske eksempler p\u00e5 hvordan man adlyder Gud, og for at vejlede folk til frelse. Som mennesker, er det for os forbudt at tilbede dem, eller bruge dem til at n\u00e6rme os Gud. Enhver form for b\u00f8n eller tilbedelse af profeterne eller tilbedelse af Gud igennem dem er strengt forbudt, og bliver anset som en forbrydelse mod Guds ret til at blive tilbedt alene. <br>\n                  <br>\n                  <span style=\"font-weight: 700;\">- Profeten Jesus <\/span>\n                  <br>Muslimer tror at Jesus er en af Guds \u00e6rede profeter, f\u00f8dt p\u00e5 mirakul\u00f8s vis af hans mor Jomfru Maria. Med Guds tilladelse, udf\u00f8rte han mange mirakler, s\u00e5som at helbrede de syge, give de blinde synet igen og evnen til at tale fra f\u00f8dsel, hvor han forsvarede sin mor mod folks beskyldninger. Selvom muslimer elsker og respekterer Jesus, s\u00e5 tilbeder de ham ikke. Han er ikke Guds s\u00f8n, eller en del af treenigheden, ligesom han heller ikke deler Guds egenskaber.&nbsp;&nbsp;<br>\n                <\/p>\n              <\/div>\n            <\/div>\n          <\/div>\n        <\/div>\n      <\/div>\n    <\/section>\n    <section class=\"u-clearfix u-section-6\" id=\"carousel_43a7\">\n      <div class=\"u-clearfix u-sheet u-sheet-1\">\n        <h1 class=\"u-text u-text-default u-text-1\">\n          <a class=\"u-active-none u-border-none u-btn u-button-link u-button-style u-hover-none u-none u-text-body-color u-btn-1\" href=\"#\"> Troen p\u00e5 dommedagen<\/a>\n        <\/h1>\n        <div class=\"u-expanded-width u-list u-list-1\">\n          <div class=\"u-repeater u-repeater-1\">\n            <div class=\"u-container-style u-list-item u-repeater-item\">\n              <div class=\"u-container-layout u-similar-container u-container-layout-1\">\n                <p class=\"u-text u-text-default u-text-grey-50 u-text-2\">\n                  <span style=\"font-weight: 700;\"> 5.Troen p\u00e5 dommedagen <\/span>\n                  <br> Dommedagen, er en begivenhed, hvor hver person vil st\u00e5 foran Skaberen, og vil blive adspur.gt omkring sine gode og d\u00e5rlige gerninger. Gerningerne vil livligt blive vist uanset deres st\u00f8rrelse, og enhver vil blive d\u00f8mt herefter. <br>P\u00e5 denne afg\u00f8rende dag, vil Allah Den Alm\u00e6gtige afg\u00f8re alle sager rimeligt, og ingen vil blive gjort uret. Alle f\u00e5r deres rettigheder, og alle vil blive behandlet retf\u00e6rdigt, med enten paradis som bel\u00f8nning, eller helvedesilden som straf.&nbsp;\n                <\/p>\n              <\/div>\n            <\/div>\n          <\/div>\n        <\/div>\n        <img decoding=\"async\" class=\"u-image u-image-contain u-image-default u-preserve-proportions u-image-1\" src=\"https:\/\/alwakf.dk\/wp-content\/uploads\/2024\/10\/PrayerRug.png\" alt=\"\" data-image-width=\"6250\" data-image-height=\"6250\">\n      <\/div>\n    <\/section>\n    <section class=\"u-clearfix u-section-7\" id=\"carousel_e549\">\n      <div class=\"u-clearfix u-sheet u-sheet-1\">\n        <h1 class=\"u-text u-text-default u-text-1\">\n          <a class=\"u-active-none u-border-none u-btn u-button-link u-button-style u-hover-none u-none u-text-body-color u-btn-1\" href=\"#\"> Troen p\u00e5 sk\u00e6bnen<\/a>\n        <\/h1>\n        <img decoding=\"async\" class=\"u-image u-image-contain u-image-default u-image-1\" src=\"https:\/\/alwakf.dk\/wp-content\/uploads\/2024\/10\/RubElHizb.png\" alt=\"\" data-image-width=\"6251\" data-image-height=\"6250\">\n        <div class=\"u-expanded-width u-list u-list-1\">\n          <div class=\"u-repeater u-repeater-1\">\n            <div class=\"u-container-style u-list-item u-repeater-item\">\n              <div class=\"u-container-layout u-similar-container u-container-layout-1\">\n                <p class=\"u-text u-text-default u-text-grey-50 u-text-2\">\n                  <span style=\"font-weight: 700;\"><\/span>\n                  <span style=\"font-weight: 700;\">6. Troen p\u00e5 sk\u00e6bnen <br>\n                  <\/span> Allah kender alting, fortiden, nutiden og alt det der vil ske i fremtiden. Alle mennesker er blevet givet den frie vilje til at kunne v\u00e6lge mellem rigtigt og forkert, og vil derudfra blive d\u00f8mt. Fritaget for dette, er folk med grelle tilf\u00e6lde af intellektuelle og psykiske handicap. <br>Den frie vilje strider ikke mod den kendsgerning, at h\u00e6ndelser kun sker med Guds viden og tilladelse. Det betyder heller ikke, at Guds magt over alting forhindrer folk i at have deres frie vilje. Guds kendskab til folks beslutninger betyder heller ikke, at folk dermed er tvunget til at tr\u00e6ffe en bestemt beslutning, og Gud er ikke n\u00f8dvendigvis tilfreds med hvad Han tillader skal ske.&nbsp;<br>\n                <\/p>\n              <\/div>\n            <\/div>\n          <\/div>\n        <\/div>\n      <\/div>\n    <\/section>\n    \n    \n    \n    \n    \n  \n","protected":false},"excerpt":{"rendered":"<p>De 6 inddelinger af troen Troen p\u00e5 Allah &#8220;Allah\u201d er det unikke arabiske navn p\u00e5 Den Eneste Sande Gud, som er den eneste v\u00e6rdig at tilbede uden partnere&#8230; MERE Troen p\u00e5 englene Allah skabte englene fra lys, som aldrig afviser Hans befaling. Detaljer om nogle af englene er blevet&#8230;. MERE Troen p\u00e5 de \u00e5benbarede b\u00f8ger &hellip; <a href=\"https:\/\/alwakf.dk\/index.php\/troen\/\" class=\"more-link\">Continue reading<span class=\"screen-reader-text\"> &#8220;troen&#8221;<\/span><\/a><\/p>\n","protected":false},"author":1,"featured_media":0,"parent":0,"menu_order":4,"comment_status":"closed","ping_status":"closed","template":"","meta":{"footnotes":""},"class_list":["post-661","page","type-page","status-publish","hentry"],"_links":{"self":[{"href":"https:\/\/alwakf.dk\/index.php\/wp-json\/wp\/v2\/pages\/661","targetHints":{"allow":["GET"]}}],"collection":[{"href":"https:\/\/alwakf.dk\/index.php\/wp-json\/wp\/v2\/pages"}],"about":[{"href":"https:\/\/alwakf.dk\/index.php\/wp-json\/wp\/v2\/types\/page"}],"author":[{"embeddable":true,"href":"https:\/\/alwakf.dk\/index.php\/wp-json\/wp\/v2\/users\/1"}],"replies":[{"embeddable":true,"href":"https:\/\/alwakf.dk\/index.php\/wp-json\/wp\/v2\/comments?post=661"}],"version-history":[{"count":1,"href":"https:\/\/alwakf.dk\/index.php\/wp-json\/wp\/v2\/pages\/661\/revisions"}],"predecessor-version":[{"id":675,"href":"https:\/\/alwakf.dk\/index.php\/wp-json\/wp\/v2\/pages\/661\/revisions\/675"}],"wp:attachment":[{"href":"https:\/\/alwakf.dk\/index.php\/wp-json\/wp\/v2\/media?parent=661"}],"curies":[{"name":"wp","href":"https:\/\/api.w.org\/{rel}","templated":true}]}}