{"id":658,"date":"2024-10-27T11:28:59","date_gmt":"2024-10-27T10:28:59","guid":{"rendered":"https:\/\/alwakf.dk\/index.php\/tro\/"},"modified":"2024-10-29T15:44:02","modified_gmt":"2024-10-29T14:44:02","slug":"tro","status":"publish","type":"page","link":"https:\/\/alwakf.dk\/index.php\/tro\/","title":{"rendered":"tro"},"content":{"rendered":"\n    \n    <section class=\"u-align-center u-clearfix u-container-align-center u-image u-shading u-section-2\" id=\"carousel_790c\" data-image-width=\"1920\" data-image-height=\"1080\" style=\"background-image: linear-gradient(0deg, rgba(41, 46, 51, 0.45), rgba(41, 46, 51, 0.45)), url(&quot;https:\/\/alwakf.dk\/wp-content\/uploads\/2024\/10\/aa62830e-90e3-cc08-485f-4ec5fe471bbe.jpg&quot;);\">\n      <div class=\"u-clearfix u-sheet u-sheet-1\">\n        <h1 class=\"u-text u-text-1\">Islam<br>og Muslimer\n        <\/h1>\n      <\/div>\n    <\/section>\n    <section class=\"u-align-center u-clearfix u-container-align-center u-grey-80 u-section-3\" id=\"carousel_5369\">\n      <div class=\"u-clearfix u-sheet u-sheet-1\">\n        <div class=\"u-expanded-width u-layout-grid u-list u-list-1\">\n          <div class=\"u-repeater u-repeater-1\">\n            <div class=\"u-align-center u-border-5 u-border-grey-70 u-container-align-center u-container-style u-grey-80 u-list-item u-radius u-repeater-item u-shape-round u-video-cover u-list-item-1\" data-animation-name=\"customAnimationIn\" data-animation-duration=\"1500\" data-animation-delay=\"250\">\n              <div class=\"u-container-layout u-similar-container u-container-layout-1\">\n                <img decoding=\"async\" class=\"u-image u-image-contain u-image-default u-image-1\" src=\"https:\/\/alwakf.dk\/wp-content\/uploads\/2024\/10\/10.png\" alt=\"\" data-image-width=\"1876\" data-image-height=\"1876\">\n                <h3 class=\"u-align-center u-text u-text-1\"> De 6 inddelinger af troen&nbsp;<br>\n                <\/h3>\n                <p class=\"u-align-center u-text u-text-2\">\n                  <a class=\"u-active-none u-border-none u-btn u-button-link u-button-style u-hover-none u-none u-text-palette-1-base u-btn-1\" href=\"https:\/\/alwakf.dk\/index.php\/troen\/\">L\u00e6s mere<\/a>\n                <\/p>\n              <\/div>\n            <\/div>\n            <div class=\"u-align-center u-border-5 u-border-grey-70 u-container-align-center u-container-style u-grey-80 u-list-item u-radius u-repeater-item u-shape-round u-video-cover u-list-item-2\" data-animation-name=\"customAnimationIn\" data-animation-duration=\"1500\" data-animation-delay=\"250\">\n              <div class=\"u-container-layout u-similar-container u-container-layout-2\">\n                <img decoding=\"async\" class=\"u-image u-image-contain u-image-default u-image-2\" src=\"https:\/\/alwakf.dk\/wp-content\/uploads\/2024\/10\/12.png\" alt=\"\" data-image-width=\"1822\" data-image-height=\"1876\">\n                <h3 class=\"u-align-center u-text u-text-3\"> De 5 s\u00f8jler<br>\n                <\/h3>\n                <p class=\"u-align-center u-text u-text-4\">\n                  <a class=\"u-active-none u-border-none u-btn u-button-link u-button-style u-hover-none u-none u-text-palette-1-base u-btn-2\" href=\"https:\/\/alwakf.dk\/index.php\/sojler\/\">L\u00e6s mere<\/a>\n                <\/p>\n              <\/div>\n            <\/div>\n          <\/div>\n        <\/div>\n      <\/div>\n    <\/section>\n    \n    \n    \n    \n  \n","protected":false},"excerpt":{"rendered":"<p>Islamog Muslimer De 6 inddelinger af troen&nbsp; L\u00e6s mere De 5 s\u00f8jler L\u00e6s mere<\/p>\n","protected":false},"author":1,"featured_media":0,"parent":0,"menu_order":1,"comment_status":"closed","ping_status":"closed","template":"","meta":{"footnotes":""},"class_list":["post-658","page","type-page","status-publish","hentry"],"_links":{"self":[{"href":"https:\/\/alwakf.dk\/index.php\/wp-json\/wp\/v2\/pages\/658","targetHints":{"allow":["GET"]}}],"collection":[{"href":"https:\/\/alwakf.dk\/index.php\/wp-json\/wp\/v2\/pages"}],"about":[{"href":"https:\/\/alwakf.dk\/index.php\/wp-json\/wp\/v2\/types\/page"}],"author":[{"embeddable":true,"href":"https:\/\/alwakf.dk\/index.php\/wp-json\/wp\/v2\/users\/1"}],"replies":[{"embeddable":true,"href":"https:\/\/alwakf.dk\/index.php\/wp-json\/wp\/v2\/comments?post=658"}],"version-history":[{"count":2,"href":"https:\/\/alwakf.dk\/index.php\/wp-json\/wp\/v2\/pages\/658\/revisions"}],"predecessor-version":[{"id":689,"href":"https:\/\/alwakf.dk\/index.php\/wp-json\/wp\/v2\/pages\/658\/revisions\/689"}],"wp:attachment":[{"href":"https:\/\/alwakf.dk\/index.php\/wp-json\/wp\/v2\/media?parent=658"}],"curies":[{"name":"wp","href":"https:\/\/api.w.org\/{rel}","templated":true}]}}